{"id":463,"date":"2022-02-24T08:59:31","date_gmt":"2022-02-24T15:59:31","guid":{"rendered":"https:\/\/westtexrest.com\/?page_id=463"},"modified":"2022-03-18T09:51:20","modified_gmt":"2022-03-18T15:51:20","slug":"ducts","status":"publish","type":"page","link":"https:\/\/westtexrest.com\/es\/our-services\/ducts\/","title":{"rendered":"Ductos"},"content":{"rendered":"<div data-elementor-type=\"wp-page\" data-elementor-id=\"463\" class=\"elementor elementor-463\">\n\t\t\t\t\t\t<section class=\"elementor-section elementor-top-section elementor-element elementor-element-324b28f2 elementor-section-content-middle elementor-section-boxed elementor-section-height-default elementor-section-height-default\" data-id=\"324b28f2\" data-element_type=\"section\" data-e-type=\"section\" data-settings=\"{&quot;background_background&quot;:&quot;classic&quot;}\">\n\t\t\t\t\t\t\t<div class=\"elementor-background-overlay\"><\/div>\n\t\t\t\t\t\t\t<div class=\"elementor-container elementor-column-gap-no\">\n\t\t\t\t\t<div class=\"elementor-column elementor-col-100 elementor-top-column elementor-element elementor-element-7d2cb736\" data-id=\"7d2cb736\" data-element_type=\"column\" data-e-type=\"column\">\n\t\t\t<div class=\"elementor-widget-wrap elementor-element-populated\">\n\t\t\t\t\t\t<div class=\"elementor-element elementor-element-7afd8f58 elementor-widget elementor-widget-heading\" data-id=\"7afd8f58\" data-element_type=\"widget\" data-e-type=\"widget\" data-widget_type=\"heading.default\">\n\t\t\t\t<div class=\"elementor-widget-container\">\n\t\t\t\t\t<h5 class=\"elementor-heading-title elementor-size-default\">SERVICIOS<\/h5>\t\t\t\t<\/div>\n\t\t\t\t<\/div>\n\t\t\t\t<div class=\"elementor-element elementor-element-3f7df558 elementor-widget elementor-widget-heading\" data-id=\"3f7df558\" data-element_type=\"widget\" data-e-type=\"widget\" data-widget_type=\"heading.default\">\n\t\t\t\t<div class=\"elementor-widget-container\">\n\t\t\t\t\t<h2 class=\"elementor-heading-title elementor-size-default\">\u00bfVale la pena reparar los conductos?<\/h2>\t\t\t\t<\/div>\n\t\t\t\t<\/div>\n\t\t\t\t\t<\/div>\n\t\t<\/div>\n\t\t\t\t\t<\/div>\n\t\t<\/section>\n\t\t\t\t<section class=\"elementor-section elementor-top-section elementor-element elementor-element-6bb3e276 elementor-section-content-middle elementor-section-boxed elementor-section-height-default elementor-section-height-default\" data-id=\"6bb3e276\" data-element_type=\"section\" data-e-type=\"section\" data-settings=\"{&quot;background_background&quot;:&quot;classic&quot;}\">\n\t\t\t\t\t\t\t<div class=\"elementor-background-overlay\"><\/div>\n\t\t\t\t\t\t\t<div class=\"elementor-container elementor-column-gap-no\">\n\t\t\t\t\t<div class=\"elementor-column elementor-col-50 elementor-top-column elementor-element elementor-element-5fa18c0a\" data-id=\"5fa18c0a\" data-element_type=\"column\" data-e-type=\"column\">\n\t\t\t<div class=\"elementor-widget-wrap elementor-element-populated\">\n\t\t\t\t\t\t<div class=\"elementor-element elementor-element-1fee28b elementor-widget elementor-widget-image\" data-id=\"1fee28b\" data-element_type=\"widget\" data-e-type=\"widget\" data-widget_type=\"image.default\">\n\t\t\t\t<div class=\"elementor-widget-container\">\n\t\t\t\t\t\t\t\t\t\t\t\t\t\t\t<img fetchpriority=\"high\" decoding=\"async\" data-attachment-id=\"147\" data-permalink=\"https:\/\/westtexrest.com\/es\/home\/ducting-replacements\/\" data-orig-file=\"https:\/\/i0.wp.com\/westtexrest.com\/wp-content\/uploads\/2022\/02\/Ducting-Replacements.jpg?fit=1620%2C1080&amp;ssl=1\" data-orig-size=\"1620,1080\" data-comments-opened=\"1\" data-image-meta=\"{&quot;aperture&quot;:&quot;0&quot;,&quot;credit&quot;:&quot;&quot;,&quot;camera&quot;:&quot;&quot;,&quot;caption&quot;:&quot;&quot;,&quot;created_timestamp&quot;:&quot;0&quot;,&quot;copyright&quot;:&quot;&quot;,&quot;focal_length&quot;:&quot;0&quot;,&quot;iso&quot;:&quot;0&quot;,&quot;shutter_speed&quot;:&quot;0&quot;,&quot;title&quot;:&quot;&quot;,&quot;orientation&quot;:&quot;0&quot;}\" data-image-title=\"duct-installation-and-repair\" data-image-description=\"\" data-image-caption=\"\" data-large-file=\"https:\/\/i0.wp.com\/westtexrest.com\/wp-content\/uploads\/2022\/02\/Ducting-Replacements.jpg?fit=1024%2C683&amp;ssl=1\" width=\"1620\" height=\"1080\" src=\"https:\/\/i0.wp.com\/westtexrest.com\/wp-content\/uploads\/2022\/02\/Ducting-Replacements.jpg?fit=1620%2C1080&amp;ssl=1\" class=\"attachment-full size-full wp-image-147\" alt=\"\" srcset=\"https:\/\/i0.wp.com\/westtexrest.com\/wp-content\/uploads\/2022\/02\/Ducting-Replacements.jpg?w=1620&amp;ssl=1 1620w, https:\/\/i0.wp.com\/westtexrest.com\/wp-content\/uploads\/2022\/02\/Ducting-Replacements.jpg?resize=300%2C200&amp;ssl=1 300w, https:\/\/i0.wp.com\/westtexrest.com\/wp-content\/uploads\/2022\/02\/Ducting-Replacements.jpg?resize=1024%2C683&amp;ssl=1 1024w, https:\/\/i0.wp.com\/westtexrest.com\/wp-content\/uploads\/2022\/02\/Ducting-Replacements.jpg?resize=768%2C512&amp;ssl=1 768w, https:\/\/i0.wp.com\/westtexrest.com\/wp-content\/uploads\/2022\/02\/Ducting-Replacements.jpg?resize=1536%2C1024&amp;ssl=1 1536w, https:\/\/i0.wp.com\/westtexrest.com\/wp-content\/uploads\/2022\/02\/Ducting-Replacements.jpg?resize=1200%2C800&amp;ssl=1 1200w\" sizes=\"(max-width: 1000px) 100vw, 1000px\" \/>\t\t\t\t\t\t\t\t\t\t\t\t\t\t\t<\/div>\n\t\t\t\t<\/div>\n\t\t\t\t\t<\/div>\n\t\t<\/div>\n\t\t\t\t<div class=\"elementor-column elementor-col-50 elementor-top-column elementor-element elementor-element-2c3efffd\" data-id=\"2c3efffd\" data-element_type=\"column\" data-e-type=\"column\">\n\t\t\t<div class=\"elementor-widget-wrap elementor-element-populated\">\n\t\t\t\t\t\t<div class=\"elementor-element elementor-element-3f227c00 elementor-widget elementor-widget-heading\" data-id=\"3f227c00\" data-element_type=\"widget\" data-e-type=\"widget\" data-widget_type=\"heading.default\">\n\t\t\t\t<div class=\"elementor-widget-container\">\n\t\t\t\t\t<h2 class=\"elementor-heading-title elementor-size-default\">Reparaci\u00f3n e Instalaci\u00f3n de Ductos<\/h2>\t\t\t\t<\/div>\n\t\t\t\t<\/div>\n\t\t\t\t<div class=\"elementor-element elementor-element-3f456995 elementor-widget elementor-widget-text-editor\" data-id=\"3f456995\" data-element_type=\"widget\" data-e-type=\"widget\" data-widget_type=\"text-editor.default\">\n\t\t\t\t<div class=\"elementor-widget-container\">\n\t\t\t\t\t\t\t\t\tLos conductos de aire no son una broma, los conductos defectuosos no solo hacen que su hogar sea menos eficiente energ\u00e9ticamente y que su billetera sea m\u00e1s liviana, sino que tambi\u00e9n pueden ser un peligro para la salud cuando no funcionan correctamente. Sus conductos de aire deber\u00e1n ser inspeccionados para determinar si necesitan ser reparados o reemplazados.\t\t\t\t\t\t\t\t<\/div>\n\t\t\t\t<\/div>\n\t\t\t\t<div class=\"elementor-element elementor-element-2646a699 elementor-mobile-align-justify elementor-widget elementor-widget-button\" data-id=\"2646a699\" data-element_type=\"widget\" data-e-type=\"widget\" data-widget_type=\"button.default\">\n\t\t\t\t<div class=\"elementor-widget-container\">\n\t\t\t\t\t\t\t\t\t<div class=\"elementor-button-wrapper\">\n\t\t\t\t\t<a class=\"elementor-button elementor-button-link elementor-size-sm elementor-animation-shrink\" href=\"tel:+19157272288\">\n\t\t\t\t\t\t<span class=\"elementor-button-content-wrapper\">\n\t\t\t\t\t\t<span class=\"elementor-button-icon\">\n\t\t\t\t<i aria-hidden=\"true\" class=\"fas fa-phone-alt\"><\/i>\t\t\t<\/span>\n\t\t\t\t\t\t\t\t\t<span class=\"elementor-button-text\">COTIZACI\u00d3N SIN COSTO<\/span>\n\t\t\t\t\t<\/span>\n\t\t\t\t\t<\/a>\n\t\t\t\t<\/div>\n\t\t\t\t\t\t\t\t<\/div>\n\t\t\t\t<\/div>\n\t\t\t\t\t<\/div>\n\t\t<\/div>\n\t\t\t\t\t<\/div>\n\t\t<\/section>\n\t\t\t\t<\/div>","protected":false},"excerpt":{"rendered":"<p>OUR SERVICES Is it worth to repair ductwork? Duct Installation &amp; Repair Air ducts are no joke, not only do faulty ducts make your home less energy-efficient and your wallet lighter, but they can be a health hazard when they do not function properly. Your air ducts will need to be inspected to determine whether [&hellip;]<\/p>\n","protected":false},"author":217087846,"featured_media":0,"parent":477,"menu_order":9,"comment_status":"closed","ping_status":"closed","template":"elementor_theme","meta":{"site-sidebar-layout":"no-sidebar","site-content-layout":"page-builder","ast-site-content-layout":"","site-content-style":"default","site-sidebar-style":"default","ast-global-header-display":"","ast-banner-title-visibility":"","ast-main-header-display":"","ast-hfb-above-header-display":"","ast-hfb-below-header-display":"","ast-hfb-mobile-header-display":"","site-post-title":"disabled","ast-breadcrumbs-content":"","ast-featured-img":"disabled","footer-sml-layout":"","theme-transparent-header-meta":"","adv-header-id-meta":"","stick-header-meta":"","header-above-stick-meta":"","header-main-stick-meta":"","header-below-stick-meta":"","astra-migrate-meta-layouts":"default","ast-page-background-enabled":"default","ast-page-background-meta":{"desktop":{"background-color":"var(--ast-global-color-4)","background-image":"","background-repeat":"repeat","background-position":"center center","background-size":"auto","background-attachment":"scroll","background-type":"","background-media":"","overlay-type":"","overlay-color":"","overlay-gradient":""},"tablet":{"background-color":"","background-image":"","background-repeat":"repeat","background-position":"center center","background-size":"auto","background-attachment":"scroll","background-type":"","background-media":"","overlay-type":"","overlay-color":"","overlay-gradient":""},"mobile":{"background-color":"","background-image":"","background-repeat":"repeat","background-position":"center center","background-size":"auto","background-attachment":"scroll","background-type":"","background-media":"","overlay-type":"","overlay-color":"","overlay-gradient":""}},"ast-content-background-meta":{"desktop":{"background-color":"var(--ast-global-color-5)","background-image":"","background-repeat":"repeat","background-position":"center center","background-size":"auto","background-attachment":"scroll","background-type":"","background-media":"","overlay-type":"","overlay-color":"","overlay-gradient":""},"tablet":{"background-color":"var(--ast-global-color-5)","background-image":"","background-repeat":"repeat","background-position":"center center","background-size":"auto","background-attachment":"scroll","background-type":"","background-media":"","overlay-type":"","overlay-color":"","overlay-gradient":""},"mobile":{"background-color":"var(--ast-global-color-5)","background-image":"","background-repeat":"repeat","background-position":"center center","background-size":"auto","background-attachment":"scroll","background-type":"","background-media":"","overlay-type":"","overlay-color":"","overlay-gradient":""}},"jetpack_post_was_ever_published":false,"footnotes":""},"class_list":["post-463","page","type-page","status-publish","hentry"],"aioseo_notices":[],"jetpack_likes_enabled":true,"jetpack_sharing_enabled":true,"jetpack_shortlink":"https:\/\/wp.me\/PdIyIR-7t","amp_enabled":false,"_links":{"self":[{"href":"https:\/\/westtexrest.com\/es\/wp-json\/wp\/v2\/pages\/463","targetHints":{"allow":["GET"]}}],"collection":[{"href":"https:\/\/westtexrest.com\/es\/wp-json\/wp\/v2\/pages"}],"about":[{"href":"https:\/\/westtexrest.com\/es\/wp-json\/wp\/v2\/types\/page"}],"author":[{"embeddable":true,"href":"https:\/\/westtexrest.com\/es\/wp-json\/wp\/v2\/users\/217087846"}],"replies":[{"embeddable":true,"href":"https:\/\/westtexrest.com\/es\/wp-json\/wp\/v2\/comments?post=463"}],"version-history":[{"count":15,"href":"https:\/\/westtexrest.com\/es\/wp-json\/wp\/v2\/pages\/463\/revisions"}],"predecessor-version":[{"id":912,"href":"https:\/\/westtexrest.com\/es\/wp-json\/wp\/v2\/pages\/463\/revisions\/912"}],"up":[{"embeddable":true,"href":"https:\/\/westtexrest.com\/es\/wp-json\/wp\/v2\/pages\/477"}],"wp:attachment":[{"href":"https:\/\/westtexrest.com\/es\/wp-json\/wp\/v2\/media?parent=463"}],"curies":[{"name":"wp","href":"https:\/\/api.w.org\/{rel}","templated":true}]}}